{"id":326,"date":"2025-11-13T13:22:42","date_gmt":"2025-11-13T13:22:42","guid":{"rendered":"https:\/\/www.villaticinum.it\/?page_id=326"},"modified":"2026-01-26T07:55:17","modified_gmt":"2026-01-26T07:55:17","slug":"villa-ticinum","status":"publish","type":"page","link":"https:\/\/www.villaticinum.it\/index.php\/villa-ticinum\/","title":{"rendered":"CSS Villa Ticinum"},"content":{"rendered":"<p>[et_pb_section fb_built=&#8221;1&#8243; next_background_color=&#8221;#000000&#8243; admin_label=&#8221;Header&#8221; _builder_version=&#8221;4.27.5&#8243; _module_preset=&#8221;default&#8221; custom_padding=&#8221;||100px||false|false&#8221; bottom_divider_style=&#8221;curve&#8221; bottom_divider_height=&#8221;60px&#8221; hover_enabled=&#8221;0&#8243; collapsed=&#8221;on&#8221; global_colors_info=&#8221;{%22gcid-34807b40-f97e-428a-90f8-6d5ad2ecd8cd%22:%91%22background_color_gradient_stops%22%93}&#8221; background_color=&#8221;#0da0c5&#8243; sticky_enabled=&#8221;0&#8243; background_enable_image=&#8221;off&#8221;][et_pb_row column_structure=&#8221;1_2,1_2&#8243; _builder_version=&#8221;4.27.4&#8243; _module_preset=&#8221;default&#8221; global_colors_info=&#8221;{}&#8221;][et_pb_column type=&#8221;1_2&#8243; _builder_version=&#8221;4.22.0&#8243; _module_preset=&#8221;default&#8221; custom_padding=&#8221;100px||||false|false&#8221; custom_padding_tablet=&#8221;0vw||||false|false&#8221; custom_padding_phone=&#8221;0vw||||false|false&#8221; custom_padding_last_edited=&#8221;on|tablet&#8221; global_colors_info=&#8221;{}&#8221;][et_pb_text _builder_version=&#8221;4.27.5&#8243; _module_preset=&#8221;c747b2ab-9386-4105-980a-e470895cdd9b&#8221; text_font=&#8221;Montserrat||||||||&#8221; custom_margin=&#8221;||10px||false|false&#8221; locked=&#8221;off&#8221; global_colors_info=&#8221;{}&#8221;]<\/p>\n<h1><strong>Comunit\u00e0 Socio Sanitaria\u00a0<em>Villa Ticinum<\/em><\/strong><\/h1>\n<p>[\/et_pb_text][et_pb_text _builder_version=&#8221;4.27.5&#8243; _module_preset=&#8221;default&#8221; hover_enabled=&#8221;0&#8243; global_colors_info=&#8221;{}&#8221; sticky_enabled=&#8221;0&#8243;]<\/p>\n<p style=\"text-align: justify;\"><span style=\"color: #ffffff;\">La comunit\u00e0 socio sanitaria \u00e8 un servizio definito dalla DGR n. 18333\/04 che prevede accreditamento al Sistema Sanitario di Regione Lombardia. \u00c8 situata in via Oberdan, nella sede ristrutturata del vecchio acquedotto della citt\u00e0. La propriet\u00e0 dell\u2019immobile \u00e8 del Comune di Pavia, che lo ha dato in comodato alla Cooperativa, la quale si \u00e8 occupata della ristrutturazione. La Comunit\u00e0, accreditata con DGR 3844 del 20 dicembre 2006, accoglie un numero massimo di 10 ospiti.<\/span><\/p>\n<p style=\"text-align: justify;\"><span style=\"color: #ffffff;\">La nostra CSS si propone prima di tutto di fornire l\u2019assistenza socio sanitaria necessaria a persone con diversi gradi di fragilit\u00e0, tuttavia \u2013 in ottemperanza al mandato statutario \u2013 si attiva anche per affrontare la condizione della disabilit\u00e0 individuando le possibilit\u00e0 di riequilibrio psicofisico che consentano all\u2019utente di acquisire e\/o mantenere un positivo rapporto con se stesso e quindi con gli altri, fornendo un luogo di socializzazione e di stimolo alle potenzialit\u00e0 psicofisiche, cognitive, affettive e sociali, nella prospettiva di un migliore benessere.<\/span><\/p>\n<p style=\"text-align: justify;\">\n<p>[\/et_pb_text][\/et_pb_column][et_pb_column type=&#8221;1_2&#8243; _builder_version=&#8221;4.22.0&#8243; _module_preset=&#8221;default&#8221; global_colors_info=&#8221;{}&#8221;][et_pb_image src=&#8221;https:\/\/www.villaticinum.it\/wp-content\/uploads\/2025\/11\/senior-care-16b.png&#8221; title_text=&#8221;senior-care-16b&#8221; _builder_version=&#8221;4.22.0&#8243; _module_preset=&#8221;default&#8221; transform_translate=&#8221;40%|-40%&#8221; transform_translate_linked=&#8221;off&#8221; positioning=&#8221;absolute&#8221; position_origin_a=&#8221;top_right&#8221; width=&#8221;30%&#8221; global_colors_info=&#8221;{}&#8221;][\/et_pb_image][et_pb_image src=&#8221;https:\/\/www.villaticinum.it\/wp-content\/uploads\/2025\/11\/senior-care-2.jpg&#8221; title_text=&#8221;senior-care-2&#8243; show_bottom_space=&#8221;off&#8221; align=&#8221;right&#8221; _builder_version=&#8221;4.27.4&#8243; _module_preset=&#8221;default&#8221; width=&#8221;90%&#8221; border_radii=&#8221;on|20px|20px|20px|20px&#8221; global_colors_info=&#8221;{}&#8221;][\/et_pb_image][et_pb_image src=&#8221;https:\/\/www.villaticinum.it\/wp-content\/uploads\/2025\/11\/senior-care-8.png&#8221; title_text=&#8221;senior-care-8&#8243; align=&#8221;right&#8221; _builder_version=&#8221;4.22.0&#8243; _module_preset=&#8221;default&#8221; transform_translate=&#8221;-20%|-50%&#8221; transform_translate_linked=&#8221;off&#8221; z_index=&#8221;1&#8243; width=&#8221;60%&#8221; global_colors_info=&#8221;{}&#8221;][\/et_pb_image][et_pb_image src=&#8221;https:\/\/www.villaticinum.it\/wp-content\/uploads\/2025\/11\/senior-care-3.jpg&#8221; title_text=&#8221;senior-care-3&#8243; _builder_version=&#8221;4.22.0&#8243; _module_preset=&#8221;default&#8221; width=&#8221;50%&#8221; custom_margin=&#8221;-100%||||false|false&#8221; border_radii=&#8221;on|20px|20px|20px|20px&#8221; global_colors_info=&#8221;{}&#8221;][\/et_pb_image][\/et_pb_column][\/et_pb_row][\/et_pb_section][et_pb_section fb_built=&#8221;1&#8243; admin_label=&#8221;Footer CTA&#8221; _builder_version=&#8221;4.22.0&#8243; _module_preset=&#8221;default&#8221; custom_padding=&#8221;||0px||false|false&#8221; bottom_divider_style=&#8221;curve&#8221; bottom_divider_color=&#8221;gcid-177a5697-02fd-46ba-bfa9-5a099a3378ae&#8221; bottom_divider_flip=&#8221;vertical&#8221; collapsed=&#8221;on&#8221; global_colors_info=&#8221;{%22gcid-177a5697-02fd-46ba-bfa9-5a099a3378ae%22:%91%22bottom_divider_color%22%93}&#8221;][et_pb_row custom_padding_last_edited=&#8221;on|tablet&#8221; _builder_version=&#8221;4.22.0&#8243; _module_preset=&#8221;default&#8221; background_color=&#8221;gcid-46e54cc2-2550-449e-a151-e85c3a835795&#8243; custom_padding=&#8221;60px|60px|60px|60px|true|true&#8221; custom_padding_tablet=&#8221;|30px||30px|true|true&#8221; custom_padding_phone=&#8221;30px|20px|30px|20px|true|true&#8221; border_radii=&#8221;on|20px|20px|20px|20px&#8221; global_colors_info=&#8221;{%22gcid-46e54cc2-2550-449e-a151-e85c3a835795%22:%91%22background_color%22%93}&#8221;][et_pb_column type=&#8221;4_4&#8243; _builder_version=&#8221;4.22.0&#8243; _module_preset=&#8221;default&#8221; global_colors_info=&#8221;{}&#8221;][et_pb_text _builder_version=&#8221;4.22.0&#8243; _module_preset=&#8221;90df024e-209e-4b92-8c1b-b1c46a87f447&#8243; text_orientation=&#8221;center&#8221; max_width=&#8221;700px&#8221; module_alignment=&#8221;center&#8221; global_colors_info=&#8221;{}&#8221;]<\/p>\n<h3>CSS Villa Ticinum<\/h3>\n<h3>Carta dei Servizi<\/h3>\n<p>[\/et_pb_text][et_pb_button button_url=&#8221;https:\/\/www.villaticinum.it\/wp-content\/uploads\/2026\/01\/CSS_CARTA-DEI-SERVIZI_9.pdf&#8221; url_new_window=&#8221;on&#8221; button_text=&#8221;Download&#8221; button_alignment=&#8221;center&#8221; _builder_version=&#8221;4.27.4&#8243; _module_preset=&#8221;8332c2c4-9d45-489c-bc27-efa40e486789&#8243; global_colors_info=&#8221;{}&#8221;][\/et_pb_button][\/et_pb_column][\/et_pb_row][\/et_pb_section][et_pb_section fb_built=&#8221;1&#8243; admin_label=&#8221;Footer Links&#8221; _builder_version=&#8221;4.22.0&#8243; _module_preset=&#8221;default&#8221; background_color=&#8221;gcid-177a5697-02fd-46ba-bfa9-5a099a3378ae&#8221; custom_padding=&#8221;||43px|||&#8221; saved_tabs=&#8221;all&#8221; collapsed=&#8221;on&#8221; global_colors_info=&#8221;{%22gcid-177a5697-02fd-46ba-bfa9-5a099a3378ae%22:%91%22background_color%22%93}&#8221;][et_pb_row column_structure=&#8221;1_2,1_2&#8243; _builder_version=&#8221;4.22.0&#8243; _module_preset=&#8221;default&#8221; global_colors_info=&#8221;{}&#8221;][et_pb_column type=&#8221;1_2&#8243; _builder_version=&#8221;4.22.0&#8243; _module_preset=&#8221;default&#8221; global_colors_info=&#8221;{}&#8221;][et_pb_text _builder_version=&#8221;4.27.4&#8243; _module_preset=&#8221;fdc36149-460f-4854-96de-8254d0fcc773&#8243; text_text_color=&#8221;#FFFFFF&#8221; link_text_color=&#8221;#FFFFFF&#8221; custom_margin=&#8221;||10px||false|false&#8221; global_colors_info=&#8221;{}&#8221;]<\/p>\n<p>CSS Villa Ticinum<\/p>\n<p>[\/et_pb_text][et_pb_text _builder_version=&#8221;4.27.4&#8243; _module_preset=&#8221;fdc36149-460f-4854-96de-8254d0fcc773&#8243; text_text_color=&#8221;#FFFFFF&#8221; link_text_color=&#8221;#FFFFFF&#8221; custom_margin=&#8221;||10px||false|false&#8221; global_colors_info=&#8221;{}&#8221;]<\/p>\n<p>Sede Legale e Operativa:<\/p>\n<p>[\/et_pb_text][et_pb_text _builder_version=&#8221;4.27.4&#8243; _module_preset=&#8221;fdc36149-460f-4854-96de-8254d0fcc773&#8243; text_text_color=&#8221;#FFFFFF&#8221; link_text_color=&#8221;#FFFFFF&#8221; custom_margin=&#8221;||10px||false|false&#8221; global_colors_info=&#8221;{}&#8221;]<\/p>\n<p>Viale G. Oberdan, 19<\/p>\n<p>[\/et_pb_text][et_pb_text _builder_version=&#8221;4.27.4&#8243; _module_preset=&#8221;fdc36149-460f-4854-96de-8254d0fcc773&#8243; text_text_color=&#8221;#FFFFFF&#8221; link_text_color=&#8221;#FFFFFF&#8221; custom_margin=&#8221;||10px||false|false&#8221; global_colors_info=&#8221;{}&#8221;]<\/p>\n<p>27100 &#8211; PAVIA<\/p>\n<p>[\/et_pb_text][\/et_pb_column][et_pb_column type=&#8221;1_2&#8243; _builder_version=&#8221;4.22.0&#8243; _module_preset=&#8221;default&#8221; global_colors_info=&#8221;{}&#8221;][et_pb_text _builder_version=&#8221;4.27.4&#8243; _module_preset=&#8221;fdc36149-460f-4854-96de-8254d0fcc773&#8243; text_text_color=&#8221;#FFFFFF&#8221; link_text_color=&#8221;#FFFFFF&#8221; custom_margin=&#8221;||10px||false|false&#8221; global_colors_info=&#8221;{}&#8221;]<\/p>\n<p>tel.: 0382 311950 (ufficio)<\/p>\n<p>[\/et_pb_text][et_pb_text _builder_version=&#8221;4.27.4&#8243; _module_preset=&#8221;fdc36149-460f-4854-96de-8254d0fcc773&#8243; text_text_color=&#8221;#FFFFFF&#8221; link_text_color=&#8221;#FFFFFF&#8221; custom_margin=&#8221;||10px||false|false&#8221; global_colors_info=&#8221;{}&#8221;]<\/p>\n<p>tel.: 0382 311948 (OSS)<\/p>\n<p>[\/et_pb_text][et_pb_text _builder_version=&#8221;4.27.4&#8243; _module_preset=&#8221;fdc36149-460f-4854-96de-8254d0fcc773&#8243; text_text_color=&#8221;#FFFFFF&#8221; link_text_color=&#8221;#FFFFFF&#8221; custom_margin=&#8221;||10px||false|false&#8221; global_colors_info=&#8221;{}&#8221;]<\/p>\n<p>e-mail: css.villaticinum@villaticinum.it<\/p>\n<p>[\/et_pb_text][et_pb_text _builder_version=&#8221;4.27.4&#8243; _module_preset=&#8221;fdc36149-460f-4854-96de-8254d0fcc773&#8243; text_text_color=&#8221;#FFFFFF&#8221; link_text_color=&#8221;#FFFFFF&#8221; custom_margin=&#8221;||10px||false|false&#8221; global_colors_info=&#8221;{}&#8221;]<\/p>\n<p>pec: css.villaticinum@pec.villaticinum.it<\/p>\n<p>[\/et_pb_text][\/et_pb_column][\/et_pb_row][et_pb_row _builder_version=&#8221;4.22.0&#8243; _module_preset=&#8221;default&#8221; global_colors_info=&#8221;{}&#8221;][et_pb_column type=&#8221;4_4&#8243; _builder_version=&#8221;4.22.0&#8243; _module_preset=&#8221;default&#8221; global_colors_info=&#8221;{}&#8221;][et_pb_text _builder_version=&#8221;4.27.4&#8243; _dynamic_attributes=&#8221;content&#8221; _module_preset=&#8221;fdc36149-460f-4854-96de-8254d0fcc773&#8243; text_orientation=&#8221;center&#8221; global_colors_info=&#8221;{}&#8221;]@ET-DC@eyJkeW5hbWljIjp0cnVlLCJjb250ZW50IjoiY3VycmVudF9kYXRlIiwic2V0dGluZ3MiOnsiYmVmb3JlIjoiQ29weXJpZ2h0ICZjb3B5OyAiLCJhZnRlciI6IiBWaWxsYSBUaWNpbnVtLiBBbGwgUmlnaHRzIFJlc2VydmVkLiIsImRhdGVfZm9ybWF0IjoiY3VzdG9tIiwiY3VzdG9tX2RhdGVfZm9ybWF0IjoiWSJ9fQ==@[\/et_pb_text][\/et_pb_column][\/et_pb_row][\/et_pb_section]<\/p>\n","protected":false},"excerpt":{"rendered":"<p>Comunit\u00e0 Socio Sanitaria\u00a0Villa TicinumLa comunit\u00e0 socio sanitaria \u00e8 un servizio definito dalla DGR n. 18333\/04 che prevede accreditamento al Sistema Sanitario di Regione Lombardia. \u00c8 situata in via Oberdan, nella sede ristrutturata del vecchio acquedotto della citt\u00e0. La propriet\u00e0 dell\u2019immobile \u00e8 del Comune di Pavia, che lo ha dato in comodato alla Cooperativa, la quale [&hellip;]<\/p>\n","protected":false},"author":1,"featured_media":0,"parent":0,"menu_order":0,"comment_status":"closed","ping_status":"closed","template":"","meta":{"_et_pb_use_builder":"on","_et_pb_old_content":"","_et_gb_content_width":"","footnotes":""},"class_list":["post-326","page","type-page","status-publish","hentry"],"_links":{"self":[{"href":"https:\/\/www.villaticinum.it\/index.php\/wp-json\/wp\/v2\/pages\/326","targetHints":{"allow":["GET"]}}],"collection":[{"href":"https:\/\/www.villaticinum.it\/index.php\/wp-json\/wp\/v2\/pages"}],"about":[{"href":"https:\/\/www.villaticinum.it\/index.php\/wp-json\/wp\/v2\/types\/page"}],"author":[{"embeddable":true,"href":"https:\/\/www.villaticinum.it\/index.php\/wp-json\/wp\/v2\/users\/1"}],"replies":[{"embeddable":true,"href":"https:\/\/www.villaticinum.it\/index.php\/wp-json\/wp\/v2\/comments?post=326"}],"version-history":[{"count":21,"href":"https:\/\/www.villaticinum.it\/index.php\/wp-json\/wp\/v2\/pages\/326\/revisions"}],"predecessor-version":[{"id":538,"href":"https:\/\/www.villaticinum.it\/index.php\/wp-json\/wp\/v2\/pages\/326\/revisions\/538"}],"wp:attachment":[{"href":"https:\/\/www.villaticinum.it\/index.php\/wp-json\/wp\/v2\/media?parent=326"}],"curies":[{"name":"wp","href":"https:\/\/api.w.org\/{rel}","templated":true}]}}